{"id":425,"date":"2025-09-18T13:58:34","date_gmt":"2025-09-18T13:58:34","guid":{"rendered":"https:\/\/castrillonangel.com\/?page_id=425"},"modified":"2026-01-05T13:00:30","modified_gmt":"2026-01-05T13:00:30","slug":"425-2","status":"publish","type":"page","link":"https:\/\/castrillonangel.com\/index.php\/425-2\/","title":{"rendered":"Publicaciones 2025"},"content":{"rendered":"<p>[et_pb_section fb_built=&#8221;1&#8243; admin_label=&#8221;Portfolio&#8221; _builder_version=&#8221;3.22.7&#8243; custom_padding=&#8221;28px|||||&#8221;][et_pb_row _builder_version=&#8221;4.9.4&#8243; _module_preset=&#8221;default&#8221;][et_pb_column type=&#8221;4_4&#8243; _builder_version=&#8221;4.9.4&#8243; _module_preset=&#8221;default&#8221;][et_pb_text _builder_version=&#8221;3.27.4&#8243; text_font=&#8221;Montserrat|700||on|||||&#8221; text_text_color=&#8221;rgba(255,255,255,0.12)&#8221; text_font_size=&#8221;10vw&#8221; text_letter_spacing=&#8221;10px&#8221; text_line_height=&#8221;1em&#8221; header_font=&#8221;||||||||&#8221; text_orientation=&#8221;center&#8221; background_layout=&#8221;dark&#8221; custom_margin=&#8221;|||&#8221; custom_padding=&#8221;0px|||||&#8221; locked=&#8221;off&#8221;]<\/p>\n<p><span style=\"font-size: xx-large; color: rgba(10, 10, 10, 0.52);\">publicaciones<\/span><\/p>\n<p>[\/et_pb_text][\/et_pb_column][\/et_pb_row][et_pb_row _builder_version=&#8221;3.25&#8243;][et_pb_column type=&#8221;4_4&#8243; _builder_version=&#8221;3.25&#8243; custom_padding=&#8221;|||&#8221; custom_padding__hover=&#8221;|||&#8221;][et_pb_text _builder_version=&#8221;3.27.4&#8243; text_font=&#8221;Montserrat||||||||&#8221; text_letter_spacing=&#8221;3px&#8221; header_font=&#8221;||||||||&#8221; header_2_font=&#8221;Karla|700||on|||||&#8221; header_2_font_size=&#8221;46px&#8221; header_3_font=&#8221;Montserrat|||on|||||&#8221; header_3_text_color=&#8221;rgba(0,0,0,0.4)&#8221; header_3_font_size=&#8221;12px&#8221; header_3_letter_spacing=&#8221;1px&#8221; header_3_line_height=&#8221;1.8em&#8221; text_orientation=&#8221;right&#8221; custom_margin=&#8221;||0px&#8221; header_2_font_size_tablet=&#8221;&#8221; header_2_font_size_phone=&#8221;30px&#8221; header_2_font_size_last_edited=&#8221;on|phone&#8221; locked=&#8221;off&#8221;]<\/p>\n<h3><\/h3>\n<h2>art\u00edculos de revista 2025<\/h2>\n<p>[\/et_pb_text][et_pb_divider color=&#8221;#f56845&#8243; divider_weight=&#8221;12px&#8221; _builder_version=&#8221;3.22.7&#8243; z_index=&#8221;-1&#8243; width=&#8221;250px&#8221; module_alignment=&#8221;right&#8221; custom_margin=&#8221;-22px||&#8221; custom_margin_tablet=&#8221;&#8221; custom_margin_phone=&#8221;-18px||&#8221; custom_margin_last_edited=&#8221;on|desktop&#8221; locked=&#8221;off&#8221;]<br \/>\n[\/et_pb_divider][\/et_pb_column][\/et_pb_row][et_pb_row column_structure=&#8221;1_2,1_2&#8243; _builder_version=&#8221;3.25&#8243; width_tablet=&#8221;80%&#8221; width_phone=&#8221;90%&#8221; width_last_edited=&#8221;on|phone&#8221;][et_pb_column type=&#8221;1_2&#8243; _builder_version=&#8221;3.25&#8243; custom_padding=&#8221;80px|||&#8221; custom_padding_tablet=&#8221;0px||&#8221; custom_padding_phone=&#8221;&#8221; custom_padding_last_edited=&#8221;on|desktop&#8221; custom_padding__hover=&#8221;|||&#8221;][et_pb_cta title=&#8221;Teachers\u2019 Perspectives on the Impact of English Immersion on Spanish Language Development in Primary Education&#8221; button_url=&#8221;https:\/\/revistas.udistrital.edu.co\/index.php\/calj\/article\/view\/21814\/21180&#8243; url_new_window=&#8221;on&#8221; button_text=&#8221;Lo quiero leer&#8221; _builder_version=&#8221;4.9.4&#8243; header_font=&#8221;Karla|700||on|||||&#8221; header_font_size=&#8221;24px&#8221; header_letter_spacing=&#8221;1px&#8221; header_line_height=&#8221;1.4em&#8221; body_font=&#8221;||||||||&#8221; body_text_color=&#8221;rgba(255,255,255,0.46)&#8221; body_font_size=&#8221;16px&#8221; body_line_height=&#8221;2em&#8221; use_background_color_gradient=&#8221;on&#8221; background_color_gradient_start=&#8221;rgba(20,21,22,0.24)&#8221; background_color_gradient_end=&#8221;#0d1a34&#8243; background_color_gradient_end_position=&#8221;90%&#8221; background_color_gradient_overlays_image=&#8221;on&#8221; background_image=&#8221;http:\/\/castrillonangel.com\/wp-content\/uploads\/2026\/01\/Art.png&#8221; custom_button=&#8221;on&#8221; button_text_size=&#8221;13px&#8221; button_text_color=&#8221;#f56845&#8243; button_bg_color=&#8221;rgba(20,22,23,0)&#8221; button_border_width=&#8221;0px&#8221; button_border_color=&#8221;rgba(0,0,0,0)&#8221; button_border_radius=&#8221;0px&#8221; button_letter_spacing=&#8221;2px&#8221; button_font=&#8221;|700||on|||||&#8221; button_icon=&#8221;%%43%%&#8221; button_on_hover=&#8221;off&#8221; custom_padding=&#8221;76.8%||60px|||&#8221; link_option_url=&#8221;https:\/\/revistas.udistrital.edu.co\/index.php\/calj\/article\/view\/21814\/21180&#8243; link_option_url_new_window=&#8221;on&#8221; hover_enabled=&#8221;0&#8243; border_width_all=&#8221;24px&#8221; border_color_all=&#8221;#ffffff&#8221; box_shadow_style=&#8221;preset4&#8243; box_shadow_horizontal=&#8221;0px&#8221; box_shadow_vertical=&#8221;0px&#8221; box_shadow_spread=&#8221;2px&#8221; box_shadow_color=&#8221;#f56845&#8243; locked=&#8221;off&#8221; custom_padding__hover=&#8221;||80px&#8221; custom_padding__hover_enabled=&#8221;on&#8221; border_width_all__hover=&#8221;14px&#8221; border_width_all__hover_enabled=&#8221;on&#8221; title_text=&#8221;Art&#8221; sticky_enabled=&#8221;0&#8243;]<\/p>\n<p><span>Giraldo-G\u00f3mez, J. A., Pab\u00f3n, M., Escobar, P. A. and Castrill\u00f3n-\u00c1ngel, E. F. (2025). Teachers\u2019 Perspectives on the Impact of English Immersion on <\/span><span>Spanish Language Development in Primary Education.<\/span><span> Colomb. Appl. Linguistic. J<\/span><span>., <\/span><span>27<\/span><span>(2), pp. 93-108<\/span><\/p>\n<p>[\/et_pb_cta][\/et_pb_column][et_pb_column type=&#8221;1_2&#8243; _builder_version=&#8221;3.25&#8243; custom_padding=&#8221;|||&#8221; custom_padding__hover=&#8221;|||&#8221;][et_pb_cta title=&#8221;Reading the World: Intercultural Literacy in Teaching English as a Foreign Language&#8221; button_url=&#8221;https:\/\/publicaciones.americana.edu.co\/index.php\/pensamientoamericano\/article\/view\/838\/1717&#8243; url_new_window=&#8221;on&#8221; button_text=&#8221;Lo quiero leer&#8221; _builder_version=&#8221;4.9.4&#8243; header_font=&#8221;Karla|700||on|||||&#8221; header_font_size=&#8221;24px&#8221; header_letter_spacing=&#8221;1px&#8221; header_line_height=&#8221;1.4em&#8221; body_font=&#8221;||||||||&#8221; body_text_color=&#8221;rgba(255,255,255,0.46)&#8221; body_font_size=&#8221;16px&#8221; body_line_height=&#8221;2em&#8221; use_background_color_gradient=&#8221;on&#8221; background_color_gradient_start=&#8221;rgba(20,21,22,0.24)&#8221; background_color_gradient_end=&#8221;#0d1a34&#8243; background_color_gradient_end_position=&#8221;90%&#8221; background_color_gradient_overlays_image=&#8221;on&#8221; background_image=&#8221;http:\/\/castrillonangel.com\/wp-content\/uploads\/2025\/09\/Reading-the-world-1.png&#8221; custom_button=&#8221;on&#8221; button_text_size=&#8221;13px&#8221; button_text_color=&#8221;#f56845&#8243; button_bg_color=&#8221;rgba(20,22,23,0)&#8221; button_border_width=&#8221;0px&#8221; button_border_color=&#8221;rgba(0,0,0,0)&#8221; button_border_radius=&#8221;0px&#8221; button_letter_spacing=&#8221;2px&#8221; button_font=&#8221;|700||on|||||&#8221; button_icon=&#8221;%%43%%&#8221; button_on_hover=&#8221;off&#8221; custom_padding=&#8221;66.9%||60px|||&#8221; link_option_url=&#8221;https:\/\/publicaciones.americana.edu.co\/index.php\/pensamientoamericano\/article\/view\/838\/1717&#8243; link_option_url_new_window=&#8221;on&#8221; hover_enabled=&#8221;0&#8243; border_width_all=&#8221;24px&#8221; border_color_all=&#8221;#ffffff&#8221; box_shadow_style=&#8221;preset4&#8243; box_shadow_horizontal=&#8221;0px&#8221; box_shadow_vertical=&#8221;0px&#8221; box_shadow_spread=&#8221;2px&#8221; box_shadow_color=&#8221;#f56845&#8243; locked=&#8221;off&#8221; custom_padding__hover=&#8221;||80px&#8221; custom_padding__hover_enabled=&#8221;on&#8221; border_width_all__hover=&#8221;14px&#8221; border_width_all__hover_enabled=&#8221;on&#8221; sticky_enabled=&#8221;0&#8243;]<\/p>\n<p><span>Rojas; J., \u00c1lvarez; A., Castrill\u00f3n; E. Garc\u00eda; <\/span><span>A. y Pineda; H. (2025). Reading the World: <\/span><span>Intercultural Literacy in Teaching English as <\/span><span>a Foreign Language. <\/span><span>Pensamiento Americano, <\/span><span>e#:. 18<\/span><span>(37), DOI: https:\/\/doi.org\/10.21803\/<\/span><span>penamer.18.37.838<\/span><\/p>\n<p>[\/et_pb_cta][\/et_pb_column][\/et_pb_row][et_pb_row column_structure=&#8221;1_2,1_2&#8243; _builder_version=&#8221;3.25&#8243; width_tablet=&#8221;80%&#8221; width_phone=&#8221;90%&#8221; width_last_edited=&#8221;on|phone&#8221;][et_pb_column type=&#8221;1_2&#8243; _builder_version=&#8221;3.25&#8243; custom_padding=&#8221;80px|||&#8221; custom_padding_tablet=&#8221;0px||&#8221; custom_padding_phone=&#8221;&#8221; custom_padding_last_edited=&#8221;on|desktop&#8221; custom_padding__hover=&#8221;|||&#8221;][et_pb_cta title=&#8221;Influence of English conversational clubs on speech anxiety&#8221; button_url=&#8221;https:\/\/revistasojs.ucaldas.edu.co\/index.php\/latinoamericana\/article\/view\/11076\/8039&#8243; url_new_window=&#8221;on&#8221; button_text=&#8221;Lo quiero leer&#8221; _builder_version=&#8221;4.9.4&#8243; header_font=&#8221;Karla|700||on|||||&#8221; header_font_size=&#8221;24px&#8221; header_letter_spacing=&#8221;1px&#8221; header_line_height=&#8221;1.4em&#8221; body_font=&#8221;||||||||&#8221; body_text_color=&#8221;rgba(255,255,255,0.46)&#8221; body_font_size=&#8221;16px&#8221; body_line_height=&#8221;2em&#8221; use_background_color_gradient=&#8221;on&#8221; background_color_gradient_start=&#8221;rgba(20,21,22,0.24)&#8221; background_color_gradient_end=&#8221;#0d1a34&#8243; background_color_gradient_end_position=&#8221;90%&#8221; background_color_gradient_overlays_image=&#8221;on&#8221; background_image=&#8221;http:\/\/castrillonangel.com\/wp-content\/uploads\/2025\/11\/7517a2e0-6e91-4801-bf32-287c80957aa1.jpg&#8221; custom_button=&#8221;on&#8221; button_text_size=&#8221;13px&#8221; button_text_color=&#8221;#f56845&#8243; button_bg_color=&#8221;rgba(20,22,23,0)&#8221; button_border_width=&#8221;0px&#8221; button_border_color=&#8221;rgba(0,0,0,0)&#8221; button_border_radius=&#8221;0px&#8221; button_letter_spacing=&#8221;2px&#8221; button_font=&#8221;|700||on|||||&#8221; button_icon=&#8221;%%43%%&#8221; button_on_hover=&#8221;off&#8221; custom_padding=&#8221;76.8%||60px|||&#8221; link_option_url=&#8221;https:\/\/revistasojs.ucaldas.edu.co\/index.php\/latinoamericana\/article\/view\/11076\/8039&#8243; link_option_url_new_window=&#8221;on&#8221; border_width_all=&#8221;24px&#8221; border_color_all=&#8221;#ffffff&#8221; box_shadow_style=&#8221;preset4&#8243; box_shadow_horizontal=&#8221;0px&#8221; box_shadow_vertical=&#8221;0px&#8221; box_shadow_spread=&#8221;2px&#8221; box_shadow_color=&#8221;#f56845&#8243; locked=&#8221;off&#8221; custom_padding__hover=&#8221;||80px&#8221; custom_padding__hover_enabled=&#8221;on&#8221; border_width_all__hover=&#8221;14px&#8221; border_width_all__hover_enabled=&#8221;on&#8221;]<\/p>\n<p><span>Bohorquez Jimenez, F. D., Diaz Yepes, N. J., Pupo Acosta, Y. A., Jaramillo Garcia, G. A., y Castrill\u00f3n \u00c1ngel, E. F. (2025). Influencia de los clubes de conversaci\u00f3n en ingl\u00e9s en la ansiedad al hablar.\u00a0<\/span><i>Latinoamericana de Estudios Educativos<\/i><span>,\u00a0<\/span><i>20<\/i><span>(2), 101\u2013124. https:\/\/doi.org\/10.17151\/rlee.2024.20.2.5<\/span><\/p>\n<p>[\/et_pb_cta][\/et_pb_column][et_pb_column type=&#8221;1_2&#8243; _builder_version=&#8221;3.25&#8243; custom_padding=&#8221;|||&#8221; custom_padding__hover=&#8221;|||&#8221;][\/et_pb_column][\/et_pb_row][\/et_pb_section][et_pb_section fb_built=&#8221;1&#8243; admin_label=&#8221;Footer&#8221; _builder_version=&#8221;3.22.7&#8243; use_background_color_gradient=&#8221;on&#8221; background_color_gradient_start=&#8221;#ffdb8b&#8221; background_color_gradient_end=&#8221;#fdb15b&#8221; custom_margin=&#8221;||&#8221; custom_padding=&#8221;0px||0px|||&#8221;][\/et_pb_section][et_pb_section fb_built=&#8221;1&#8243; admin_label=&#8221;Footer&#8221; _builder_version=&#8221;3.22.7&#8243; background_color=&#8221;#24272a&#8221; locked=&#8221;off&#8221;][et_pb_row column_structure=&#8221;1_2,1_2&#8243; custom_padding_last_edited=&#8221;off|tablet&#8221; _builder_version=&#8221;3.25&#8243; custom_margin_tablet=&#8221;||0px&#8221;][et_pb_column type=&#8221;1_2&#8243; _builder_version=&#8221;3.25&#8243; custom_padding=&#8221;|||&#8221; custom_padding__hover=&#8221;|||&#8221;][et_pb_text _builder_version=&#8221;4.9.4&#8243; text_font=&#8221;Montserrat||||||||&#8221; text_letter_spacing=&#8221;3px&#8221; header_font=&#8221;||||||||&#8221; header_2_font=&#8221;Karla|700||on|||||&#8221; header_2_font_size=&#8221;46px&#8221; header_3_font=&#8221;Montserrat|||on|||||&#8221; header_3_text_color=&#8221;rgba(255,255,255,0.4)&#8221; header_3_font_size=&#8221;12px&#8221; header_3_letter_spacing=&#8221;1px&#8221; header_3_line_height=&#8221;1.8em&#8221; header_4_font=&#8221;|||on|||||&#8221; background_layout=&#8221;dark&#8221; header_2_font_size_tablet=&#8221;&#8221; header_2_font_size_phone=&#8221;30px&#8221; header_2_font_size_last_edited=&#8221;on|phone&#8221; locked=&#8221;off&#8221;]<\/p>\n<h3><\/h3>\n<h2>edison ferney castrill\u00f3n \u00e1ngel<\/h2>\n<h4>docente &#8211; investigador<\/h4>\n<p>[\/et_pb_text][\/et_pb_column][et_pb_column type=&#8221;1_2&#8243; _builder_version=&#8221;3.25&#8243; custom_padding=&#8221;30px|||&#8221; custom_padding__hover=&#8221;|||&#8221;][et_pb_button button_text=&#8221;Ver perfil&#8221; button_alignment=&#8221;right&#8221; _builder_version=&#8221;4.9.4&#8243; custom_button=&#8221;on&#8221; button_text_size=&#8221;13px&#8221; button_text_color=&#8221;#ffffff&#8221; button_bg_color=&#8221;#f56845&#8243; button_border_width=&#8221;0px&#8221; button_border_radius=&#8221;0px&#8221; button_letter_spacing=&#8221;2px&#8221; button_font=&#8221;|700||on|||||&#8221; button_icon=&#8221;%%43%%&#8221; button_on_hover=&#8221;off&#8221; custom_margin=&#8221;|||-12px&#8221; custom_padding=&#8221;16px|48px|16px|32px|true|false&#8221; custom_padding_last_edited=&#8221;off|desktop&#8221; locked=&#8221;off&#8221; custom_padding__hover_enabled=&#8221;on&#8221; custom_padding__hover=&#8221;|52px||36px&#8221;]<br \/>\n[\/et_pb_button][\/et_pb_column][\/et_pb_row][\/et_pb_section]<\/p>\n","protected":false},"excerpt":{"rendered":"<p>[et_pb_section fb_built=&#8221;1&#8243; admin_label=&#8221;Portfolio&#8221; _builder_version=&#8221;3.22.7&#8243; custom_padding=&#8221;28px|||||&#8221;][et_pb_row _builder_version=&#8221;4.9.4&#8243; _module_preset=&#8221;default&#8221;][et_pb_column type=&#8221;4_4&#8243; _builder_version=&#8221;4.9.4&#8243; _module_preset=&#8221;default&#8221;][et_pb_text _builder_version=&#8221;3.27.4&#8243; text_font=&#8221;Montserrat|700||on|||||&#8221; text_text_color=&#8221;rgba(255,255,255,0.12)&#8221; text_font_size=&#8221;10vw&#8221; text_letter_spacing=&#8221;10px&#8221; text_line_height=&#8221;1em&#8221; header_font=&#8221;||||||||&#8221; text_orientation=&#8221;center&#8221; background_layout=&#8221;dark&#8221; custom_margin=&#8221;|||&#8221; custom_padding=&#8221;0px|||||&#8221; locked=&#8221;off&#8221;] publicaciones [\/et_pb_text][\/et_pb_column][\/et_pb_row][et_pb_row _builder_version=&#8221;3.25&#8243;][et_pb_column type=&#8221;4_4&#8243; _builder_version=&#8221;3.25&#8243; custom_padding=&#8221;|||&#8221; custom_padding__hover=&#8221;|||&#8221;][et_pb_text _builder_version=&#8221;3.27.4&#8243; text_font=&#8221;Montserrat||||||||&#8221; text_letter_spacing=&#8221;3px&#8221; header_font=&#8221;||||||||&#8221; header_2_font=&#8221;Karla|700||on|||||&#8221; header_2_font_size=&#8221;46px&#8221; header_3_font=&#8221;Montserrat|||on|||||&#8221; header_3_text_color=&#8221;rgba(0,0,0,0.4)&#8221; header_3_font_size=&#8221;12px&#8221; header_3_letter_spacing=&#8221;1px&#8221; header_3_line_height=&#8221;1.8em&#8221; text_orientation=&#8221;right&#8221; custom_margin=&#8221;||0px&#8221; header_2_font_size_tablet=&#8221;&#8221; header_2_font_size_phone=&#8221;30px&#8221; header_2_font_size_last_edited=&#8221;on|phone&#8221; locked=&#8221;off&#8221;] art\u00edculos de revista 2025 [\/et_pb_text][et_pb_divider color=&#8221;#f56845&#8243; divider_weight=&#8221;12px&#8221; _builder_version=&#8221;3.22.7&#8243; z_index=&#8221;-1&#8243; [&hellip;]<\/p>\n","protected":false},"author":1,"featured_media":0,"parent":0,"menu_order":0,"comment_status":"closed","ping_status":"closed","template":"","meta":{"_et_pb_use_builder":"on","_et_pb_old_content":"","_et_gb_content_width":""},"_links":{"self":[{"href":"https:\/\/castrillonangel.com\/index.php\/wp-json\/wp\/v2\/pages\/425"}],"collection":[{"href":"https:\/\/castrillonangel.com\/index.php\/wp-json\/wp\/v2\/pages"}],"about":[{"href":"https:\/\/castrillonangel.com\/index.php\/wp-json\/wp\/v2\/types\/page"}],"author":[{"embeddable":true,"href":"https:\/\/castrillonangel.com\/index.php\/wp-json\/wp\/v2\/users\/1"}],"replies":[{"embeddable":true,"href":"https:\/\/castrillonangel.com\/index.php\/wp-json\/wp\/v2\/comments?post=425"}],"version-history":[{"count":6,"href":"https:\/\/castrillonangel.com\/index.php\/wp-json\/wp\/v2\/pages\/425\/revisions"}],"predecessor-version":[{"id":462,"href":"https:\/\/castrillonangel.com\/index.php\/wp-json\/wp\/v2\/pages\/425\/revisions\/462"}],"wp:attachment":[{"href":"https:\/\/castrillonangel.com\/index.php\/wp-json\/wp\/v2\/media?parent=425"}],"curies":[{"name":"wp","href":"https:\/\/api.w.org\/{rel}","templated":true}]}}