{"id":208,"date":"2021-09-02T13:20:04","date_gmt":"2021-09-02T13:20:04","guid":{"rendered":"http:\/\/castrillonangel.com\/?page_id=208"},"modified":"2021-09-20T17:23:20","modified_gmt":"2021-09-20T17:23:20","slug":"reexistence-literacy-in-latin-america","status":"publish","type":"page","link":"https:\/\/castrillonangel.com\/index.php\/reexistence-literacy-in-latin-america\/","title":{"rendered":"(Re)existence literacy in Latin America"},"content":{"rendered":"<p>[et_pb_section fb_built=&#8221;1&#8243; make_equal=&#8221;on&#8221; specialty=&#8221;on&#8221; background_color_2=&#8221;#141617&#8243; padding_top_1=&#8221;12vw&#8221; padding_right_2=&#8221;5vw&#8221; padding_bottom_1=&#8221;80px&#8221; padding_left_1=&#8221;10vw&#8221; padding_1_tablet=&#8221;40px||0px|&#8221; padding_1_phone=&#8221;&#8221; padding_1_last_edited=&#8221;on|tablet&#8221; admin_label=&#8221;Header&#8221; _builder_version=&#8221;3.22.7&#8243; background_color=&#8221;#000000&#8243; use_background_color_gradient=&#8221;on&#8221; background_color_gradient_start=&#8221;#fd7b5b&#8221; background_color_gradient_end=&#8221;#a92200&#8243; background_color_gradient_direction=&#8221;162deg&#8221; inner_width=&#8221;100%&#8221; inner_max_width=&#8221;100%&#8221; custom_margin=&#8221;||156px|||&#8221; custom_padding=&#8221;0px||0px||true&#8221; box_shadow_style=&#8221;preset7&#8243; box_shadow_horizontal=&#8221;0px&#8221; box_shadow_vertical=&#8221;-80px&#8221; box_shadow_color=&#8221;#ffffff&#8221;][et_pb_column type=&#8221;1_2&#8243; _builder_version=&#8221;3.25&#8243; custom_padding=&#8221;|||&#8221; custom_padding__hover=&#8221;|||&#8221;][et_pb_text _builder_version=&#8221;3.27.4&#8243; text_font=&#8221;Montserrat||||||||&#8221; text_letter_spacing=&#8221;3px&#8221; header_font=&#8221;Karla|700|||||||&#8221; header_font_size=&#8221;10vw&#8221; header_letter_spacing=&#8221;-3px&#8221; header_line_height=&#8221;0.9em&#8221; header_2_font=&#8221;Montserrat|||on|||||&#8221; header_2_font_size=&#8221;24px&#8221; header_2_letter_spacing=&#8221;2px&#8221; header_2_line_height=&#8221;1.8em&#8221; background_layout=&#8221;dark&#8221; header_2_font_size_tablet=&#8221;14px&#8221; header_2_font_size_phone=&#8221;&#8221; header_2_font_size_last_edited=&#8221;on|tablet&#8221;]<\/p>\n<h2>grupo de estudios<\/h2>\n<h2><span style=\"font-size: xx-large;\">(re)existence literacies in latin america<\/span><\/h2>\n<p>[\/et_pb_text][et_pb_text _builder_version=&#8221;3.27.4&#8243; text_font=&#8221;Montserrat||||||||&#8221; text_letter_spacing=&#8221;3px&#8221; header_font=&#8221;||||||||&#8221; header_2_font=&#8221;Karla|700||on|||||&#8221; header_2_font_size=&#8221;46px&#8221; header_3_font=&#8221;Montserrat|||on|||||&#8221; header_3_text_color=&#8221;rgba(0,0,0,0.4)&#8221; header_3_font_size=&#8221;12px&#8221; header_3_letter_spacing=&#8221;1px&#8221; header_3_line_height=&#8221;1.8em&#8221; custom_margin=&#8221;||0px&#8221; header_2_font_size_tablet=&#8221;&#8221; header_2_font_size_phone=&#8221;30px&#8221; header_2_font_size_last_edited=&#8221;on|phone&#8221; locked=&#8221;off&#8221;]<\/p>\n<h2><span style=\"font-size: xx-large;\">caracter\u00edsticas<\/span><\/h2>\n<p>[\/et_pb_text][et_pb_text _builder_version=&#8221;3.27.4&#8243; text_font=&#8221;||||||||&#8221; text_font_size=&#8221;16px&#8221; text_line_height=&#8221;2em&#8221; custom_margin=&#8221;|||50px||&#8221; locked=&#8221;off&#8221;]<\/p>\n<p style=\"text-align: justify;\"><span style=\"color: #ffffff;\">Grupo de estudios conformado por estudiantes y docentes de diferentes Universidades de Latinoam\u00e9rica. Con nuestras interacciones buscamos reflexionar y cuestionar las diferentes pr\u00e1cticas sociales \u00fatiles para promover la libre expresi\u00f3n, el empoderamiento y la transformaci\u00f3n social de comunidades para (re)existir.\u00a0<\/span><\/p>\n<p style=\"text-align: justify;\"><span style=\"color: #ffffff;\"><\/span><\/p>\n<p style=\"text-align: justify;\"><span style=\"color: #ffffff;\"><\/span><\/p>\n<p>[\/et_pb_text][\/et_pb_column][et_pb_column type=&#8221;1_2&#8243; specialty_columns=&#8221;2&#8243; _builder_version=&#8221;3.25&#8243; custom_padding=&#8221;|||&#8221; custom_padding__hover=&#8221;|||&#8221;][et_pb_row_inner _builder_version=&#8221;3.25&#8243; transform_scale_tablet=&#8221;&#8221; transform_scale_phone=&#8221;&#8221; transform_scale_last_edited=&#8221;on|desktop&#8221; transform_translate=&#8221;-50%|0px&#8221; transform_translate_tablet=&#8221;0%|-50%&#8221; transform_translate_phone=&#8221;&#8221; transform_translate_last_edited=&#8221;on|desktop&#8221; transform_translate_linked=&#8221;off&#8221; transform_rotate_tablet=&#8221;&#8221; transform_rotate_phone=&#8221;&#8221; transform_rotate_last_edited=&#8221;on|desktop&#8221; transform_skew_tablet=&#8221;&#8221; transform_skew_phone=&#8221;&#8221; transform_skew_last_edited=&#8221;on|desktop&#8221; transform_origin_tablet=&#8221;&#8221; transform_origin_phone=&#8221;&#8221; transform_origin_last_edited=&#8221;on|desktop&#8221; transform_styles_last_edited=&#8221;on|desktop&#8221; width=&#8221;150%&#8221; width_tablet=&#8221;&#8221; width_phone=&#8221;&#8221; width_last_edited=&#8221;on|tablet&#8221; custom_margin=&#8221;||154px|||&#8221; custom_margin_tablet=&#8221;||0px&#8221; custom_margin_phone=&#8221;&#8221; custom_margin_last_edited=&#8221;on|desktop&#8221; custom_padding=&#8221;0px||0px|||&#8221; transform_styles_tablet=&#8221;&#8221; transform_styles_phone=&#8221;&#8221;][et_pb_column_inner saved_specialty_column_type=&#8221;1_2&#8243; _builder_version=&#8221;3.25&#8243; custom_padding=&#8221;|||&#8221; custom_padding__hover=&#8221;|||&#8221;][et_pb_text _builder_version=&#8221;3.27.4&#8243; text_font=&#8221;Montserrat|700||on|||||&#8221; text_text_color=&#8221;rgba(255,255,255,0.12)&#8221; text_font_size=&#8221;10vw&#8221; text_letter_spacing=&#8221;10px&#8221; text_line_height=&#8221;1em&#8221; header_font=&#8221;||||||||&#8221; text_orientation=&#8221;center&#8221; background_layout=&#8221;dark&#8221; custom_margin=&#8221;|||&#8221; locked=&#8221;off&#8221;]<\/p>\n<p><span style=\"font-size: xx-large;\">(re)existence literacies<\/span><\/p>\n<p>[\/et_pb_text][\/et_pb_column_inner][\/et_pb_row_inner][et_pb_row_inner _builder_version=&#8221;3.25&#8243; use_background_color_gradient=&#8221;on&#8221; background_color_gradient_start=&#8221;#ffdb8b&#8221; background_color_gradient_end=&#8221;#fdb15b&#8221; max_width_tablet=&#8221;500px&#8221; max_width_phone=&#8221;400px&#8221; max_width_last_edited=&#8221;on|phone&#8221; custom_margin=&#8221;80px|||&#8221; custom_padding=&#8221;0px|0px|0px|||&#8221;][et_pb_column_inner saved_specialty_column_type=&#8221;1_2&#8243; _builder_version=&#8221;3.25&#8243; custom_padding=&#8221;|||&#8221; custom_padding__hover=&#8221;|||&#8221;][et_pb_image src=&#8221;http:\/\/castrillonangel.com\/wp-content\/uploads\/2021\/09\/mural-paulo-freire.jpg&#8221; title_text=&#8221;mural-paulo-freire&#8221; force_fullwidth=&#8221;on&#8221; align_tablet=&#8221;center&#8221; align_phone=&#8221;&#8221; align_last_edited=&#8221;on|desktop&#8221; _builder_version=&#8221;4.9.4&#8243; background_image=&#8221;http:\/\/castrillonangel.com\/wp-content\/uploads\/2021\/08\/actor-01.png&#8221; background_size=&#8221;initial&#8221; background_position=&#8221;bottom_right&#8221; custom_margin=&#8221;-80px||-150px|||&#8221; custom_margin_tablet=&#8221;||0px&#8221; custom_margin_phone=&#8221;&#8221; custom_margin_last_edited=&#8221;on|desktop&#8221; custom_padding=&#8221;|40px|80px|||&#8221; custom_padding_tablet=&#8221;||&#8221; custom_padding_phone=&#8221;&#8221; custom_padding_last_edited=&#8221;on|desktop&#8221; box_shadow_style=&#8221;preset1&#8243; box_shadow_vertical=&#8221;64px&#8221; box_shadow_blur=&#8221;64px&#8221; box_shadow_spread=&#8221;-12px&#8221; box_shadow_color=&#8221;rgba(20,22,23,0.59)&#8221;][\/et_pb_image][et_pb_social_media_follow _builder_version=&#8221;3.22.7&#8243; background_color=&#8221;#141617&#8243; transform_scale_tablet=&#8221;&#8221; transform_scale_phone=&#8221;&#8221; transform_scale_last_edited=&#8221;on|desktop&#8221; transform_translate=&#8221;-100%|-90%&#8221; transform_translate_tablet=&#8221;0%|0%&#8221; transform_translate_phone=&#8221;&#8221; transform_translate_last_edited=&#8221;on|desktop&#8221; transform_translate_linked=&#8221;off&#8221; transform_rotate_tablet=&#8221;&#8221; transform_rotate_phone=&#8221;&#8221; transform_rotate_last_edited=&#8221;on|desktop&#8221; transform_skew_tablet=&#8221;&#8221; transform_skew_phone=&#8221;&#8221; transform_skew_last_edited=&#8221;on|desktop&#8221; transform_origin_tablet=&#8221;&#8221; transform_origin_phone=&#8221;&#8221; transform_origin_last_edited=&#8221;on|desktop&#8221; transform_styles_last_edited=&#8221;on|desktop&#8221; width=&#8221;56px&#8221; width_tablet=&#8221;100%&#8221; width_phone=&#8221;&#8221; width_last_edited=&#8221;on|desktop&#8221; max_width_last_edited=&#8221;off|tablet&#8221; custom_margin=&#8221;||-200px|&#8221; custom_margin_tablet=&#8221;|0%|0px|&#8221; custom_margin_phone=&#8221;&#8221; custom_margin_last_edited=&#8221;on|desktop&#8221; transform_styles_tablet=&#8221;&#8221; transform_styles_phone=&#8221;&#8221;][et_pb_social_media_follow_network social_network=&#8221;instagram&#8221; _builder_version=&#8221;3.22.7&#8243; background_color=&#8221;rgba(0,0,0,0)&#8221; custom_margin=&#8221;0px|0px|0px|0px|true|true&#8221; custom_padding=&#8221;12px|12px|12px|12px|true|true&#8221; follow_button=&#8221;off&#8221; url_new_window=&#8221;on&#8221;]instagram[\/et_pb_social_media_follow_network][et_pb_social_media_follow_network social_network=&#8221;youtube&#8221; _builder_version=&#8221;3.22.7&#8243; background_color=&#8221;rgba(0,0,0,0)&#8221; custom_margin=&#8221;0px|0px|0px|0px|true|true&#8221; custom_padding=&#8221;12px|12px|12px|12px|true|true&#8221; follow_button=&#8221;off&#8221; url_new_window=&#8221;on&#8221;]youtube[\/et_pb_social_media_follow_network][et_pb_social_media_follow_network social_network=&#8221;vimeo&#8221; _builder_version=&#8221;3.22.7&#8243; background_color=&#8221;rgba(0,0,0,0)&#8221; custom_margin=&#8221;0px|0px|0px|0px|true|true&#8221; custom_padding=&#8221;12px|12px|12px|12px|true|true&#8221; follow_button=&#8221;off&#8221; url_new_window=&#8221;on&#8221;]vimeo[\/et_pb_social_media_follow_network][et_pb_social_media_follow_network social_network=&#8221;linkedin&#8221; _builder_version=&#8221;3.22.7&#8243; background_color=&#8221;rgba(0,0,0,0)&#8221; custom_margin=&#8221;0px|0px|0px|0px|true|true&#8221; custom_padding=&#8221;12px|12px|12px|12px|true|true&#8221; follow_button=&#8221;off&#8221; url_new_window=&#8221;on&#8221;]linkedin[\/et_pb_social_media_follow_network][\/et_pb_social_media_follow][\/et_pb_column_inner][\/et_pb_row_inner][\/et_pb_column][\/et_pb_section][et_pb_section fb_built=&#8221;1&#8243; _builder_version=&#8221;4.9.4&#8243; _module_preset=&#8221;default&#8221;][et_pb_row _builder_version=&#8221;4.9.4&#8243; _module_preset=&#8221;default&#8221;][et_pb_column type=&#8221;4_4&#8243; _builder_version=&#8221;4.9.4&#8243; _module_preset=&#8221;default&#8221;][et_pb_button button_url=&#8221;http:\/\/campusinvestigativo.castrillonangel.com\/login\/index.php&#8221; button_text=&#8221;EXPLORA NUESTRO LABORATORIO DE INVESTIGACI\u00d3N&#8221; button_alignment=&#8221;center&#8221; _builder_version=&#8221;4.9.4&#8243; _module_preset=&#8221;default&#8221;][\/et_pb_button][\/et_pb_column][\/et_pb_row][\/et_pb_section][et_pb_section fb_built=&#8221;1&#8243; admin_label=&#8221;Testimonial&#8221; _builder_version=&#8221;3.22.7&#8243; custom_padding=&#8221;||3px|||&#8221; locked=&#8221;off&#8221;][et_pb_row _builder_version=&#8221;3.25&#8243; border_color_all=&#8221;rgba(51,51,51,0.12)&#8221; border_width_bottom=&#8221;1px&#8221;][et_pb_column type=&#8221;4_4&#8243; _builder_version=&#8221;3.25&#8243; custom_padding=&#8221;|||&#8221; custom_padding__hover=&#8221;|||&#8221;][et_pb_divider color=&#8221;#f56845&#8243; divider_weight=&#8221;4px&#8221; _builder_version=&#8221;3.22.7&#8243; z_index=&#8221;-1&#8243; width=&#8221;100px&#8221; custom_margin=&#8221;||&#8221; locked=&#8221;off&#8221;][\/et_pb_divider][et_pb_text _builder_version=&#8221;4.9.4&#8243; header_font=&#8221;||||||||&#8221; header_3_font=&#8221;||||||||&#8221; header_4_font=&#8221;Karla||||||||&#8221; header_4_font_size=&#8221;34px&#8221; header_4_line_height=&#8221;1.4em&#8221; header_6_font=&#8221;Montserrat|||on|||||&#8221; header_6_text_color=&#8221;rgba(0,0,0,0.4)&#8221; header_4_font_size_tablet=&#8221;28px&#8221; header_4_font_size_phone=&#8221;24px&#8221; header_4_font_size_last_edited=&#8221;on|tablet&#8221;]<\/p>\n<p style=\"text-align: justify;\"><span style=\"font-size: xx-large;\"><i><span style=\"font-weight: 400;\">Los que (re)existen son aquellos que no se han quedado callados, vulnerados o eliminados ante las injusticias de un sistema que limita o niega oportunidades. Los que (re)existen buscan estrategias y escenarios\u00a0 para difundir su palabra, empoderarse y figurar en el mundo.<\/span><\/i><\/span><\/p>\n<p><i><\/i><\/p>\n<h6>&#8211; castrill\u00f3n &#8211; \u00e1ngel e.f.<\/h6>\n<p>[\/et_pb_text][\/et_pb_column][\/et_pb_row][\/et_pb_section][et_pb_section fb_built=&#8221;1&#8243; admin_label=&#8221;Footer&#8221; _builder_version=&#8221;3.22.7&#8243; use_background_color_gradient=&#8221;on&#8221; background_color_gradient_start=&#8221;#ffdb8b&#8221; background_color_gradient_end=&#8221;#fdb15b&#8221; custom_margin=&#8221;||&#8221; custom_padding=&#8221;0px||0px|||&#8221;][et_pb_row column_structure=&#8221;1_2,1_2&#8243; make_equal=&#8221;on&#8221; _builder_version=&#8221;3.25&#8243; width=&#8221;100%&#8221; max_width=&#8221;100%&#8221; custom_padding=&#8221;0px||0px|||&#8221;][et_pb_column type=&#8221;1_2&#8243; _builder_version=&#8221;3.25&#8243; background_color=&#8221;#ffffff&#8221; custom_padding=&#8221;20vw||100px|10vw&#8221; custom_padding_tablet=&#8221;0vw||0px|0vw&#8221; custom_padding_phone=&#8221;&#8221; custom_padding_last_edited=&#8221;on|desktop&#8221; custom_padding__hover=&#8221;|||&#8221;][et_pb_image src=&#8221;http:\/\/castrillonangel.com\/wp-content\/uploads\/2021\/09\/project_thumb_facebook_catarse-reexistencia.jpg&#8221; title_text=&#8221;project_thumb_facebook_catarse-reexistencia&#8221; align=&#8221;right&#8221; _builder_version=&#8221;4.9.4&#8243; background_image=&#8221;http:\/\/castrillonangel.com\/wp-content\/uploads\/2021\/08\/actor-01.png&#8221; background_size=&#8221;initial&#8221; background_position=&#8221;bottom_right&#8221; transform_translate=&#8221;90px|0px&#8221; transform_translate_linked=&#8221;off&#8221; max_width_tablet=&#8221;500px&#8221; max_width_phone=&#8221;&#8221; max_width_last_edited=&#8221;on|desktop&#8221; custom_margin=&#8221;||-80px&#8221; custom_margin_tablet=&#8221;||0px&#8221; custom_margin_phone=&#8221;&#8221; custom_margin_last_edited=&#8221;on|desktop&#8221; custom_padding=&#8221;|40px|80px|||&#8221; custom_padding_tablet=&#8221;||&#8221; custom_padding_phone=&#8221;&#8221; custom_padding_last_edited=&#8221;on|desktop&#8221; box_shadow_style=&#8221;preset1&#8243; box_shadow_vertical=&#8221;64px&#8221; box_shadow_blur=&#8221;64px&#8221; box_shadow_spread=&#8221;-12px&#8221; box_shadow_color=&#8221;rgba(20,22,23,0.59)&#8221; always_center_on_mobile=&#8221;off&#8221;][\/et_pb_image][\/et_pb_column][et_pb_column type=&#8221;1_2&#8243; _builder_version=&#8221;3.25&#8243; custom_padding=&#8221;25vw|10vw||60px&#8221; custom_padding_tablet=&#8221;60px|10vw|60px|10vw|true|true&#8221; custom_padding_phone=&#8221;&#8221; custom_padding_last_edited=&#8221;on|desktop&#8221; custom_padding__hover=&#8221;|||&#8221;][et_pb_text _builder_version=&#8221;3.27.4&#8243; text_font=&#8221;Montserrat||||||||&#8221; text_letter_spacing=&#8221;3px&#8221; header_font=&#8221;||||||||&#8221; header_2_font=&#8221;Karla|700||on|||||&#8221; header_2_font_size=&#8221;46px&#8221; header_3_font=&#8221;Montserrat|||on|||||&#8221; header_3_text_color=&#8221;rgba(0,0,0,0.4)&#8221; header_3_font_size=&#8221;12px&#8221; header_3_letter_spacing=&#8221;1px&#8221; header_3_line_height=&#8221;1.8em&#8221; custom_margin=&#8221;||0px&#8221; header_2_font_size_tablet=&#8221;&#8221; header_2_font_size_phone=&#8221;30px&#8221; header_2_font_size_last_edited=&#8221;on|phone&#8221; locked=&#8221;off&#8221;]<\/p>\n<h2>Quiero ser parte<\/h2>\n<p>[\/et_pb_text][et_pb_divider color=&#8221;#ffffff&#8221; divider_weight=&#8221;12px&#8221; _builder_version=&#8221;3.22.7&#8243; z_index=&#8221;-1&#8243; width=&#8221;250px&#8221; custom_margin=&#8221;-22px||&#8221; custom_margin_tablet=&#8221;&#8221; custom_margin_phone=&#8221;-18px||&#8221; custom_margin_last_edited=&#8221;on|desktop&#8221; locked=&#8221;off&#8221;][\/et_pb_divider][et_pb_text _builder_version=&#8221;3.27.4&#8243; text_font=&#8221;||||||||&#8221; text_text_color=&#8221;rgba(0,0,0,0.6)&#8221; text_font_size=&#8221;16px&#8221; text_line_height=&#8221;2em&#8221; locked=&#8221;off&#8221;]<\/p>\n<p style=\"text-align: justify;\">\u00bfQuieres ser parte de este equipo? \u00bfQuieres reflexionar y cuestionar los procesos de literacidad, decolonialidad y (re)existencia?\u00a0\u00a0<\/p>\n<p>[\/et_pb_text][et_pb_button button_url=&#8221;http:\/\/castrillonangel.com\/index.php\/contacto\/&#8221; button_text=&#8221;Cont\u00e1ctanos&#8221; button_alignment=&#8221;left&#8221; _builder_version=&#8221;4.9.4&#8243; custom_button=&#8221;on&#8221; button_text_size=&#8221;13px&#8221; button_text_color=&#8221;#ffffff&#8221; button_bg_color=&#8221;#141617&#8243; button_border_width=&#8221;0px&#8221; button_border_radius=&#8221;0px&#8221; button_letter_spacing=&#8221;2px&#8221; button_font=&#8221;|700||on|||||&#8221; button_icon=&#8221;%%43%%&#8221; button_on_hover=&#8221;off&#8221; custom_margin=&#8221;|||-12px&#8221; custom_padding=&#8221;16px|48px|16px|32px|true|false&#8221; custom_padding_last_edited=&#8221;off|desktop&#8221; locked=&#8221;off&#8221; custom_padding__hover_enabled=&#8221;on&#8221; custom_padding__hover=&#8221;|52px||36px&#8221;][\/et_pb_button][\/et_pb_column][\/et_pb_row][\/et_pb_section][et_pb_section fb_built=&#8221;1&#8243; admin_label=&#8221;Footer&#8221; _builder_version=&#8221;3.22.7&#8243; background_color=&#8221;#24272a&#8221; custom_margin=&#8221;41px|||||&#8221; custom_padding=&#8221;64px|||||&#8221; locked=&#8221;off&#8221;][et_pb_row column_structure=&#8221;1_2,1_2&#8243; custom_padding_last_edited=&#8221;off|tablet&#8221; _builder_version=&#8221;3.25&#8243; custom_margin_tablet=&#8221;||0px&#8221;][et_pb_column type=&#8221;1_2&#8243; _builder_version=&#8221;3.25&#8243; custom_padding=&#8221;|||&#8221; custom_padding__hover=&#8221;|||&#8221;][et_pb_text _builder_version=&#8221;3.27.4&#8243; text_font=&#8221;Montserrat||||||||&#8221; text_letter_spacing=&#8221;3px&#8221; header_font=&#8221;||||||||&#8221; header_2_font=&#8221;Karla|700||on|||||&#8221; header_2_font_size=&#8221;46px&#8221; header_3_font=&#8221;Montserrat|||on|||||&#8221; header_3_text_color=&#8221;rgba(255,255,255,0.4)&#8221; header_3_font_size=&#8221;12px&#8221; header_3_letter_spacing=&#8221;1px&#8221; header_3_line_height=&#8221;1.8em&#8221; header_4_font=&#8221;|||on|||||&#8221; background_layout=&#8221;dark&#8221; header_2_font_size_tablet=&#8221;&#8221; header_2_font_size_phone=&#8221;30px&#8221; header_2_font_size_last_edited=&#8221;on|phone&#8221; locked=&#8221;off&#8221;]<\/p>\n<h2>edison ferney castrill\u00f3n \u00e1ngel<\/h2>\n<h4>docente &#8211; investigador<\/h4>\n<p>[\/et_pb_text][\/et_pb_column][et_pb_column type=&#8221;1_2&#8243; _builder_version=&#8221;3.25&#8243; custom_padding=&#8221;30px|||&#8221; custom_padding__hover=&#8221;|||&#8221;][et_pb_button button_url=&#8221;http:\/\/castrillonangel.com\/index.php\/perfil\/&#8221; button_text=&#8221;PERFIL&#8221; button_alignment=&#8221;right&#8221; _builder_version=&#8221;4.9.4&#8243; custom_button=&#8221;on&#8221; button_text_size=&#8221;13px&#8221; button_text_color=&#8221;#ffffff&#8221; button_bg_color=&#8221;#f56845&#8243; button_border_width=&#8221;0px&#8221; button_border_radius=&#8221;0px&#8221; button_letter_spacing=&#8221;2px&#8221; button_font=&#8221;|700||on|||||&#8221; button_icon=&#8221;%%43%%&#8221; button_on_hover=&#8221;off&#8221; custom_margin=&#8221;|||-12px&#8221; custom_padding=&#8221;16px|48px|16px|32px|true|false&#8221; custom_padding_last_edited=&#8221;off|desktop&#8221; locked=&#8221;off&#8221; custom_padding__hover_enabled=&#8221;on&#8221; custom_padding__hover=&#8221;|52px||36px&#8221;][\/et_pb_button][\/et_pb_column][\/et_pb_row][\/et_pb_section]<\/p>\n","protected":false},"excerpt":{"rendered":"<p>[et_pb_section fb_built=&#8221;1&#8243; make_equal=&#8221;on&#8221; specialty=&#8221;on&#8221; background_color_2=&#8221;#141617&#8243; padding_top_1=&#8221;12vw&#8221; padding_right_2=&#8221;5vw&#8221; padding_bottom_1=&#8221;80px&#8221; padding_left_1=&#8221;10vw&#8221; padding_1_tablet=&#8221;40px||0px|&#8221; padding_1_phone=&#8221;&#8221; padding_1_last_edited=&#8221;on|tablet&#8221; admin_label=&#8221;Header&#8221; _builder_version=&#8221;3.22.7&#8243; background_color=&#8221;#000000&#8243; use_background_color_gradient=&#8221;on&#8221; background_color_gradient_start=&#8221;#fd7b5b&#8221; background_color_gradient_end=&#8221;#a92200&#8243; background_color_gradient_direction=&#8221;162deg&#8221; inner_width=&#8221;100%&#8221; inner_max_width=&#8221;100%&#8221; custom_margin=&#8221;||156px|||&#8221; custom_padding=&#8221;0px||0px||true&#8221; box_shadow_style=&#8221;preset7&#8243; box_shadow_horizontal=&#8221;0px&#8221; box_shadow_vertical=&#8221;-80px&#8221; box_shadow_color=&#8221;#ffffff&#8221;][et_pb_column type=&#8221;1_2&#8243; _builder_version=&#8221;3.25&#8243; custom_padding=&#8221;|||&#8221; custom_padding__hover=&#8221;|||&#8221;][et_pb_text _builder_version=&#8221;3.27.4&#8243; text_font=&#8221;Montserrat||||||||&#8221; text_letter_spacing=&#8221;3px&#8221; header_font=&#8221;Karla|700|||||||&#8221; header_font_size=&#8221;10vw&#8221; header_letter_spacing=&#8221;-3px&#8221; header_line_height=&#8221;0.9em&#8221; header_2_font=&#8221;Montserrat|||on|||||&#8221; header_2_font_size=&#8221;24px&#8221; header_2_letter_spacing=&#8221;2px&#8221; header_2_line_height=&#8221;1.8em&#8221; background_layout=&#8221;dark&#8221; header_2_font_size_tablet=&#8221;14px&#8221; header_2_font_size_phone=&#8221;&#8221; header_2_font_size_last_edited=&#8221;on|tablet&#8221;] grupo de estudios (re)existence literacies in latin america [\/et_pb_text][et_pb_text [&hellip;]<\/p>\n","protected":false},"author":1,"featured_media":0,"parent":0,"menu_order":0,"comment_status":"closed","ping_status":"closed","template":"","meta":{"_et_pb_use_builder":"on","_et_pb_old_content":"","_et_gb_content_width":""},"_links":{"self":[{"href":"https:\/\/castrillonangel.com\/index.php\/wp-json\/wp\/v2\/pages\/208"}],"collection":[{"href":"https:\/\/castrillonangel.com\/index.php\/wp-json\/wp\/v2\/pages"}],"about":[{"href":"https:\/\/castrillonangel.com\/index.php\/wp-json\/wp\/v2\/types\/page"}],"author":[{"embeddable":true,"href":"https:\/\/castrillonangel.com\/index.php\/wp-json\/wp\/v2\/users\/1"}],"replies":[{"embeddable":true,"href":"https:\/\/castrillonangel.com\/index.php\/wp-json\/wp\/v2\/comments?post=208"}],"version-history":[{"count":8,"href":"https:\/\/castrillonangel.com\/index.php\/wp-json\/wp\/v2\/pages\/208\/revisions"}],"predecessor-version":[{"id":296,"href":"https:\/\/castrillonangel.com\/index.php\/wp-json\/wp\/v2\/pages\/208\/revisions\/296"}],"wp:attachment":[{"href":"https:\/\/castrillonangel.com\/index.php\/wp-json\/wp\/v2\/media?parent=208"}],"curies":[{"name":"wp","href":"https:\/\/api.w.org\/{rel}","templated":true}]}}